{"id":8257,"date":"2022-02-23T08:29:55","date_gmt":"2022-02-23T08:29:55","guid":{"rendered":"https:\/\/medicate.peacefulqode.com\/?page_id=8257"},"modified":"2025-11-12T10:16:02","modified_gmt":"2025-11-12T09:16:02","slug":"etapes-de-traitement","status":"publish","type":"page","link":"https:\/\/oumniafertility.com\/ar\/etapes-de-traitement\/","title":{"rendered":"\u00c9tapes de traitement"},"content":{"rendered":"<div data-elementor-type=\"wp-page\" data-elementor-id=\"8257\" class=\"elementor elementor-8257\" data-elementor-post-type=\"page\">\n\t\t\t\t<div class=\"elementor-element elementor-element-d718d92 e-flex e-con-boxed wpr-particle-no wpr-jarallax-no wpr-parallax-no wpr-sticky-section-no e-con e-parent\" data-id=\"d718d92\" data-element_type=\"container\" data-settings=\"{&quot;background_background&quot;:&quot;classic&quot;}\">\n\t\t\t\t\t<div class=\"e-con-inner\">\n\t\t<div class=\"elementor-element elementor-element-6d365c5 e-con-full e-flex wpr-particle-no wpr-jarallax-no wpr-parallax-no wpr-sticky-section-no e-con e-child\" data-id=\"6d365c5\" data-element_type=\"container\">\n\t\t\t\t<div class=\"elementor-element elementor-element-de3754c elementor-widget elementor-widget-heading\" data-id=\"de3754c\" data-element_type=\"widget\" data-widget_type=\"heading.default\">\n\t\t\t\t<div class=\"elementor-widget-container\">\n\t\t\t\t\t<h2 class=\"elementor-heading-title elementor-size-default\">\u00c9tapes de traitement<\/h2>\t\t\t\t<\/div>\n\t\t\t\t<\/div>\n\t\t\t\t<\/div>\n\t\t\t\t\t<\/div>\n\t\t\t\t<\/div>\n\t\t\t\t<section class=\"elementor-section elementor-top-section elementor-element elementor-element-7fa50701 elementor-section-boxed elementor-section-height-default elementor-section-height-default wpr-particle-no wpr-jarallax-no wpr-parallax-no wpr-sticky-section-no\" data-id=\"7fa50701\" data-element_type=\"section\">\n\t\t\t\t\t\t<div class=\"elementor-container elementor-column-gap-default\">\n\t\t\t\t\t<div class=\"elementor-column elementor-col-100 elementor-top-column elementor-element elementor-element-de84abd\" data-id=\"de84abd\" data-element_type=\"column\">\n\t\t\t<div class=\"elementor-widget-wrap elementor-element-populated\">\n\t\t\t\t\t\t<div class=\"elementor-element elementor-element-6207d8bf elementor-widget elementor-widget-heading\" data-id=\"6207d8bf\" data-element_type=\"widget\" data-widget_type=\"heading.default\">\n\t\t\t\t<div class=\"elementor-widget-container\">\n\t\t\t\t\t<h2 class=\"elementor-heading-title elementor-size-default\">\u0627\u0644\u0625\u062c\u0631\u0627\u0621\u0627\u062a<\/h2>\t\t\t\t<\/div>\n\t\t\t\t<\/div>\n\t\t\t\t<div class=\"elementor-element elementor-element-7828048d elementor-widget elementor-widget-text-editor\" data-id=\"7828048d\" data-element_type=\"widget\" data-widget_type=\"text-editor.default\">\n\t\t\t\t<div class=\"elementor-widget-container\">\n\t\t\t\t\t\t\t\t\t<h5 class=\"pt-section-title\">\u0627\u0643\u062a\u0634\u0641  \u0645\u0631\u0627\u062d\u0644 \u0627\u062c\u0631\u0627\u0621 \u0623\u0637\u0641\u0627\u0644 \u0623\u0646\u0627\u0628\u064a\u0628 \u0641\u064a \u062a\u0631\u0643\u064a\u0627:<\/h5>\t\t\t\t\t\t\t\t<\/div>\n\t\t\t\t<\/div>\n\t\t\t\t<div class=\"elementor-element elementor-element-3c25c74b wpr-list-style-none elementor-widget elementor-widget-wpr-posts-timeline\" data-id=\"3c25c74b\" data-element_type=\"widget\" data-settings=\"{&quot;animation_offset&quot;:150,&quot;aos_animation_duration&quot;:600}\" data-widget_type=\"wpr-posts-timeline.default\">\n\t\t\t\t<div class=\"elementor-widget-container\">\n\t\t\t\t\t\n\t\t<div class=\"wpr-wrapper wpr-vertical wpr-centered\">\n\t\t\t<div class=\"wpr-timeline-centered wpr-line wpr-both-sided-timeline\"><div class=\"wpr-middle-line\"><\/div><div class=\"wpr-timeline-fill\" data-layout=\"centered\"><\/div><article class=\"wpr-timeline-entry wpr-left-aligned elementor-repeater-item-2fae0cf\" data-item-id=\"elementor-repeater-item-2fae0cf\"><time class=\"wpr-extra-label\" data-aos=\"fade\" data-aos-left=\"\" data-aos-right=\"\" data-animation-offset=\"150\" data-animation-duration=\"600\"><span class=\"wpr-label\">\u0627\u0644\u0648\u0635\u0648\u0644 \u0644\u062a\u0631\u0643\u064a\u0627<\/span><\/time><div class=\"wpr-timeline-entry-inner\"><div class=\"wpr-main-line-icon wpr-icon\"><i aria-hidden=\"true\" class=\"far fa-flag\"><\/i><\/div><div class=\"wpr-story-info-vertical wpr-data-wrap\"  data-aos=\"fade\" data-aos-left=\"\" data-aos-right=\"\" data-animation-offset=\"150\" data-animation-duration=\"600\"><div class=\"wpr-timeline-content-wrapper\"><div class=\"wpr-content-wrapper\"><div class=\"wpr-title-wrap\"><span class=\"wpr-title\">\u0627\u0644\u0648\u0635\u0648\u0644 \u0644\u062a\u0631\u0643\u064a\u0627<\/span><\/div><div class=\"wpr-description\"><p>\u0639\u0646\u062f \u0648\u0635\u0648\u0644\u0643 \u0625\u0644\u0649 \u062a\u0631\u0643\u064a\u0627\u060c \u0633\u064a\u062a\u0645 \u0627\u0633\u062a\u0642\u0628\u0627\u0644\u0643 \u0648\u0646\u0642\u0644\u0643 \u0645\u0646 \u0627\u0644\u0645\u0637\u0627\u0631 \u0625\u0644\u0649 \u0645\u0643\u0627\u0646 \u0625\u0642\u0627\u0645\u062a\u0643. \u0627\u0644\u0627\u0633\u062a\u0634\u0627\u0631\u0629 \u0627\u0644\u0623\u0648\u0644\u0649 \u0645\u0639 \u0637\u0628\u064a\u0628\u0646\u0627 \u0627\u0644\u0645\u062a\u062e\u0635\u0635 \u0645\u062c\u062f\u0648\u0644\u0629 \u0641\u064a \u0627\u0644\u064a\u0648\u0645 \u0627\u0644\u062b\u0627\u0646\u064a \u0644\u0628\u062f\u0627\u064a\u0629 \u0627\u0644\u062f\u0648\u0631\u0629 \u0627\u0644\u0634\u0647\u0631\u064a\u0629\u060c \u062d\u064a\u062b \u0633\u0646\u0642\u0648\u0645 \u0628\u0648\u0636\u0639 \u062e\u0637\u0629 \u0627\u0644\u0639\u0644\u0627\u062c \u0648\u0627\u0644\u0627\u0633\u062a\u0634\u0627\u0631\u0629 \u0627\u0644\u0623\u0648\u0644\u064a\u0629.<\/p><\/div><\/div><\/div><\/div>\n\t\t\t\t\t\t<\/div>\n\t\t\t\t<\/article><article class=\"wpr-timeline-entry wpr-right-aligned elementor-repeater-item-ba74d6e\" data-item-id=\"elementor-repeater-item-ba74d6e\"><time class=\"wpr-extra-label\" data-aos=\"fade\" data-aos-left=\"\" data-aos-right=\"\" data-animation-offset=\"150\" data-animation-duration=\"600\"><span class=\"wpr-label\">\u0627\u0644\u0645\u062a\u0627\u0628\u0639\u0629 \u0627\u0644\u064a\u0648\u0645\u064a\u0629 \u0648\u0627\u0644\u0639\u0644\u0627\u062c<\/span><\/time><div class=\"wpr-timeline-entry-inner\"><div class=\"wpr-main-line-icon wpr-icon\"><i aria-hidden=\"true\" class=\"far fa-paper-plane\"><\/i><\/div><div class=\"wpr-story-info-vertical wpr-data-wrap\"  data-aos=\"fade\" data-aos-left=\"\" data-aos-right=\"\" data-animation-offset=\"150\" data-animation-duration=\"600\"><div class=\"wpr-timeline-content-wrapper\"><div class=\"wpr-content-wrapper\"><div class=\"wpr-title-wrap\"><span class=\"wpr-title\">\u0627\u0644\u0645\u062a\u0627\u0628\u0639\u0629 \u0627\u0644\u064a\u0648\u0645\u064a\u0629 \u0648\u0627\u0644\u0639\u0644\u0627\u062c<\/span><\/div><div class=\"wpr-description\"><p>\u0644\u0645\u062f\u0629 10 \u0625\u0644\u0649 14 \u064a\u0648\u0645\u064b\u0627\u060c \u0633\u062a\u062d\u0638\u0649 \u0628\u0645\u062a\u0627\u0628\u0639\u0629 \u064a\u0648\u0645\u064a\u0629\u060c \u062a\u0634\u0645\u0644 \u0627\u0644\u0623\u0634\u0639\u0629 \u0641\u0648\u0642 \u0627\u0644\u0635\u0648\u062a\u064a\u0629 \u0644\u0645\u062a\u0627\u0628\u0639\u0629 \u062d\u062c\u0645 \u0648\u062a\u0637\u0648\u0631 \u0627\u0644\u0628\u0648\u064a\u0636\u0627\u062a. \u0633\u064a\u064f\u0639\u0637\u0649 \u0639\u0644\u0627\u062c \u0647\u0631\u0645\u0648\u0646\u064a \u0645\u0644\u0627\u0626\u0645 \u0628\u062c\u0631\u0639\u0627\u062a \u062f\u0642\u064a\u0642\u0629 \u0648\u0641\u0642\u064b\u0627 \u0644\u062d\u0627\u0644\u062a\u0643 \u0644\u062a\u062d\u0641\u064a\u0632 \u0646\u0636\u062c \u0627\u0644\u0628\u0648\u064a\u0636\u0627\u062a.<\/p><\/div><\/div><\/div><\/div>\n\t\t\t\t\t\t<\/div>\n\t\t\t\t<\/article><article class=\"wpr-timeline-entry wpr-left-aligned elementor-repeater-item-130c810\" data-item-id=\"elementor-repeater-item-130c810\"><time class=\"wpr-extra-label\" data-aos=\"fade\" data-aos-left=\"\" data-aos-right=\"\" data-animation-offset=\"150\" data-animation-duration=\"600\"><span class=\"wpr-label\">\u062c\u0645\u0639 \u0627\u0644\u0628\u0648\u064a\u0636\u0627\u062a<\/span><\/time><div class=\"wpr-timeline-entry-inner\"><div class=\"wpr-main-line-icon wpr-icon\"><i aria-hidden=\"true\" class=\"far fa-lightbulb\"><\/i><\/div><div class=\"wpr-story-info-vertical wpr-data-wrap\"  data-aos=\"fade\" data-aos-left=\"\" data-aos-right=\"\" data-animation-offset=\"150\" data-animation-duration=\"600\"><div class=\"wpr-timeline-content-wrapper\"><div class=\"wpr-content-wrapper\"><div class=\"wpr-title-wrap\"><span class=\"wpr-title\">\u062c\u0645\u0639 \u0627\u0644\u0628\u0648\u064a\u0636\u0627\u062a<\/span><\/div><div class=\"wpr-description\"><p>\u0628\u0645\u062c\u0631\u062f \u0623\u0646 \u062a\u0635\u0644 \u0627\u0644\u0628\u0648\u064a\u0636\u0627\u062a \u0625\u0644\u0649 \u0627\u0644\u062d\u062c\u0645 \u0627\u0644\u0645\u0637\u0644\u0648\u0628\u060c \u0633\u064a\u062a\u0645 \u0625\u0639\u0637\u0627\u0621 \u062c\u0631\u0639\u0629 \u0645\u0646 \u0627\u0644\u0645\u064f\u062d\u0641\u0651\u0632 \u0644\u0644\u062a\u0628\u0648\u064a\u0636 (Ovitrelle)\u060c \u062a\u0644\u064a\u0647\u0627 \u062c\u0645\u0639 \u0627\u0644\u0628\u0648\u064a\u0636\u0627\u062a \u0628\u0639\u062f \u0645\u0631\u0648\u0631 36 \u0633\u0627\u0639\u0629.<\/p><\/div><\/div><\/div><\/div>\n\t\t\t\t\t\t<\/div>\n\t\t\t\t<\/article><article class=\"wpr-timeline-entry wpr-right-aligned elementor-repeater-item-9cd06c6\" data-item-id=\"elementor-repeater-item-9cd06c6\"><time class=\"wpr-extra-label\" data-aos=\"fade\" data-aos-left=\"\" data-aos-right=\"\" data-animation-offset=\"150\" data-animation-duration=\"600\"><span class=\"wpr-label\">\u0627\u0644\u062a\u062e\u0635\u064a\u0628 \u0648\u0627\u0644\u0645\u062a\u0627\u0628\u0639\u0629 \u0641\u064a \u0627\u0644\u0645\u062e\u062a\u0628\u0631<\/span><\/time><div class=\"wpr-timeline-entry-inner\"><div class=\"wpr-main-line-icon wpr-icon\"><i aria-hidden=\"true\" class=\"fas fa-bolt\"><\/i><\/div><div class=\"wpr-story-info-vertical wpr-data-wrap\"  data-aos=\"fade\" data-aos-left=\"\" data-aos-right=\"\" data-animation-offset=\"150\" data-animation-duration=\"600\"><div class=\"wpr-timeline-content-wrapper\"><div class=\"wpr-content-wrapper\"><div class=\"wpr-title-wrap\"><span class=\"wpr-title\">\u0627\u0644\u062a\u062e\u0635\u064a\u0628 \u0648\u0627\u0644\u0645\u062a\u0627\u0628\u0639\u0629 \u0641\u064a \u0627\u0644\u0645\u062e\u062a\u0628\u0631<\/span><\/div><div class=\"wpr-description\"><p>\u0633\u064a\u062a\u0645 \u062a\u062e\u0635\u064a\u0628 \u0627\u0644\u0628\u0648\u064a\u0636\u0627\u062a \u0628\u0648\u0627\u0633\u0637\u0629 \u0627\u0644\u062d\u064a\u0648\u0627\u0646\u0627\u062a \u0627\u0644\u0645\u0646\u0648\u064a\u0629 \u0628\u0627\u0633\u062a\u062e\u062f\u0627\u0645 \u062a\u0642\u0646\u064a\u0629 ICSI \u0623\u0648 IMSI \u0648\u0645\u062a\u0627\u0628\u0639\u062a\u0647\u0627 \u0628\u0639\u0646\u0627\u064a\u0629 \u0641\u064a \u0627\u0644\u0645\u062e\u062a\u0628\u0631 \u0645\u0646 \u0642\u0628\u0644 \u0623\u062e\u0635\u0627\u0626\u064a\u064a \u0627\u0644\u0623\u062c\u0646\u0629 \u0627\u0644\u0645\u0624\u0647\u0644\u064a\u0646 \u0644\u0645\u062f\u0629 3 \u0625\u0644\u0649 5 \u0623\u064a\u0627\u0645.<\/p><div class=\"pt-btn-container\">\u00a0<\/div><\/div><\/div><\/div><\/div>\n\t\t\t\t\t\t<\/div>\n\t\t\t\t<\/article><article class=\"wpr-timeline-entry wpr-left-aligned elementor-repeater-item-6f00caa\" data-item-id=\"elementor-repeater-item-6f00caa\"><time class=\"wpr-extra-label\" data-aos=\"fade\" data-aos-left=\"\" data-aos-right=\"\" data-animation-offset=\"150\" data-animation-duration=\"600\"><span class=\"wpr-label\">\u0632\u0631\u0639 \u0627\u0644\u0623\u062c\u0646\u0651\u0629<\/span><\/time><div class=\"wpr-timeline-entry-inner\"><div class=\"wpr-main-line-icon wpr-icon\"><i aria-hidden=\"true\" class=\"fas fa-bolt\"><\/i><\/div><div class=\"wpr-story-info-vertical wpr-data-wrap\"  data-aos=\"fade\" data-aos-left=\"\" data-aos-right=\"\" data-animation-offset=\"150\" data-animation-duration=\"600\"><div class=\"wpr-timeline-content-wrapper\"><div class=\"wpr-content-wrapper\"><div class=\"wpr-title-wrap\"><span class=\"wpr-title\">\u0632\u0631\u0639 \u0627\u0644\u0623\u062c\u0646\u0651\u0629<\/span><\/div><div class=\"wpr-description\"><div class=\"flex-1 overflow-hidden\"><div class=\"react-scroll-to-bottom--css-yodbf-79elbk h-full\"><div class=\"react-scroll-to-bottom--css-yodbf-1n7m0yu targeted-reply-thread-scroller relative\"><div class=\"flex flex-col text-sm gizmo:pb-9 dark:bg-gray-800 gizmo:dark:bg-transparent\"><div class=\"group w-full text-token-text-primary border-b border-black\/10 gizmo:border-0 dark:border-gray-900\/50 gizmo:dark:border-0 bg-gray-50 gizmo:bg-transparent dark:bg-[#444654] gizmo:dark:bg-transparent\" data-testid=\"conversation-turn-319\"><div class=\"p-4 gizmo:py-2 justify-center text-base md:gap-6 md:py-6 m-auto\"><div class=\"flex flex-1 gap-4 text-base mx-auto md:gap-6 gizmo:gap-3 gizmo:md:px-5 gizmo:lg:px-1 gizmo:xl:px-5 md:max-w-2xl lg:max-w-[38rem] gizmo:md:max-w-3xl gizmo:lg:max-w-[40rem] gizmo:xl:max-w-[48rem] xl:max-w-3xl }\"><div class=\"relative flex w-[calc(100%-50px)] flex-col gizmo:w-full lg:w-[calc(100%-115px)] agent-turn\"><div class=\"flex-col gap-1 md:gap-3\"><div class=\"flex flex-grow flex-col max-w-full gap-3 gizmo:gap-0\"><div class=\"min-h-[20px] text-message peer flex flex-col items-start gap-3 whitespace-pre-wrap break-words peer-[.text-message]:mt-5 overflow-x-auto\" data-message-author-role=\"assistant\" data-message-id=\"bedc1c97-bcce-4963-8f7b-b88159cb8959\"><div class=\"markdown prose w-full break-words dark:prose-invert light\"><p>\u0633\u0646\u062e\u062a\u0627\u0631 \u0627\u0644\u0623\u062c\u0646\u0629 \u0627\u0644\u0645\u0631\u0627\u062f \u0632\u0631\u0639\u0647\u0627 \u0628\u0627\u0639\u062a\u0628\u0627\u0631 \u062c\u0648\u062f\u062a\u0647\u0627. \u0641\u064a \u062d\u0627\u0644\u0629 \u0627\u0644\u0632\u0631\u0639 \u0627\u0644\u0637\u0627\u0632\u062c\u060c \u0633\u064a\u062a\u0645 \u0632\u0631\u0639 \u0627\u062b\u0646\u064a\u0646 \u0645\u0646 \u0627\u0644\u0623\u062c\u0646\u0629. \u0628\u0639\u062f \u062b\u0644\u0627\u062b\u0629 \u0623\u064a\u0627\u0645 \u0645\u0646 \u0627\u0644\u0632\u0631\u0639\u060c \u064a\u064f\u0645\u0643\u0646 \u0644\u0644\u0632\u0648\u062c \u0627\u0644\u0633\u0641\u0631 \u0628\u0627\u0644\u0637\u0627\u0626\u0631\u0629 \u0648\u0627\u0644\u0639\u0648\u062f\u0629 \u0625\u0644\u0649 \u0628\u0644\u062f\u0647\u0645. \u0637\u0648\u0627\u0644 \u0647\u0630\u0647 \u0627\u0644\u0639\u0645\u0644\u064a\u0629\u060c \u0633\u064a\u062a\u0645 \u062a\u0623\u0645\u064a\u0646 \u062c\u0645\u064a\u0639 \u0639\u0645\u0644\u064a\u0627\u062a \u0627\u0644\u0646\u0642\u0644 \u0625\u0644\u0649 \u0627\u0644\u0639\u064a\u0627\u062f\u0629 \u0644\u0644\u0631\u0627\u062d\u0629 \u0648\u0633\u0644\u0627\u0645\u0629 \u0627\u0644\u0628\u0627\u0644.<\/p><\/div><\/div><\/div><\/div><\/div><\/div><\/div><\/div><\/div><\/div><\/div><\/div><div class=\"pt-btn-container\">\u00a0<\/div><div class=\"pt-btn-container\">\u00a0<\/div><\/div><\/div><\/div><\/div>\n\t\t\t\t\t\t<\/div>\n\t\t\t\t<\/article><\/div>    \n\t\t\t<\/div>\t\t\t\t<\/div>\n\t\t\t\t<\/div>\n\t\t\t\t\t<\/div>\n\t\t<\/div>\n\t\t\t\t\t<\/div>\n\t\t<\/section>\n\t\t<div class=\"elementor-element elementor-element-eb991db e-flex e-con-boxed wpr-particle-no wpr-jarallax-no wpr-parallax-no wpr-sticky-section-no e-con e-parent\" data-id=\"eb991db\" data-element_type=\"container\">\n\t\t\t\t\t<div class=\"e-con-inner\">\n\t\t\t\t<div class=\"elementor-element elementor-element-802323e elementor-widget elementor-widget-stepbooking\" data-id=\"802323e\" data-element_type=\"widget\" data-widget_type=\"stepbooking.default\">\n\t\t\t\t<div class=\"elementor-widget-container\">\n\t\t\t\t\t\n<script>\n  if (typeof hasAmeliaEntitiesApiCall === 'undefined' && ('book-now' === '' && '1' !== '1')) {\n    var hasAmeliaEntitiesApiCall = true;\n  }\n  var ameliaShortcodeData = (typeof ameliaShortcodeData === 'undefined') ? [] : ameliaShortcodeData;\n  ameliaShortcodeData.push(\n    {\n      'hasApiCall': (typeof hasAmeliaEntitiesApiCall !== 'undefined') && hasAmeliaEntitiesApiCall,\n      'trigger': 'book-now',\n      'trigger_type': 'class',\n      'triggered_form': 'sbsNew',\n      'in_dialog': '1',\n      'show': '',\n      'counter': '1000',\n      'category': '',\n      'service': '',\n      'employee': '',\n      'location': '',\n      'package': '',\n      'layout': '1',\n    }\n  );\n\n  var ameliaShortcodeDataTriggered = (typeof ameliaShortcodeDataTriggered === 'undefined') ? [] : ameliaShortcodeDataTriggered;\n  if (ameliaShortcodeData[ameliaShortcodeData.length - 1].trigger !== '') {\n    if (ameliaShortcodeDataTriggered.filter(a => a.counter === ameliaShortcodeData[ameliaShortcodeData.length - 1].counter).length === 0) {\n      ameliaShortcodeDataTriggered.push(ameliaShortcodeData.pop());\n    } else {\n      ameliaShortcodeData.pop()\n    }\n  }\n  if (typeof hasAmeliaEntitiesApiCall !== 'undefined' && hasAmeliaEntitiesApiCall) {\n    hasAmeliaEntitiesApiCall = false;\n  }\n<\/script>\n\n<div\n  id=\"amelia-v2-booking-1000\"\n  class=\"amelia-v2-booking amelia-skip-load amelia-skip-load-1000\"\n >\n    <dialog-forms><\/dialog-forms><\/div>\n\t\t\t\t<\/div>\n\t\t\t\t<\/div>\n\t\t\t\t\t<\/div>\n\t\t\t\t<\/div>\n\t\t\t\t<\/div>","protected":false},"excerpt":{"rendered":"<p>\u00c9tapes de traitement Proc\u00e9dure Voici les diff\u00e9rentes \u00e9tapes de votre traitement en Turquie. Arriv\u00e9 en TurquieArriv\u00e9 en Turquie Lors de votre arriv\u00e9e en Turquie, vous serez accueilli(e) et transf\u00e9r\u00e9(e) de l&rsquo;a\u00e9roport \u00e0 votre logement. La premi\u00e8re consultation avec notre m\u00e9decin sp\u00e9cialiste est organis\u00e9e le deuxi\u00e8me jour des r\u00e8gles , et nous \u00e9tablirons notre plan de traitement et notre consultation. Suivi Quotidien et TraitementSuivi Quotidien et Traitement Pendant 10 \u00e0 14 jours, vous b\u00e9n\u00e9ficierez d&rsquo;un suivi quotidien, comprenant des \u00e9chographies pour suivre la taille et l&rsquo;\u00e9volution des ovocytes. Un traitement hormonal adapt\u00e9 sera administr\u00e9 avec des dosages pr\u00e9cis en fonction de votre cas pour stimuler la maturation des ovocytes. Ponction des OvocytesPonction des Ovocytes Une fois que les ovocytes ont atteint la taille requise, le d\u00e9clencheur d&rsquo;ovulation (Ovitrelle) sera administr\u00e9, suivi de la ponction des ovocytes apr\u00e8s 36 heures. F\u00e9condation et Suivi en LaboratoireF\u00e9condation et Suivi en Laboratoire Les ovocytes seront f\u00e9cond\u00e9s par les spermatozo\u00efdes par ICSI ou IMSI et suivis attentivement en laboratoire par nos embryologistes qualifi\u00e9s pendant 3 \u00e0 5 jours. \u00a0 Transfert d&#039;embryonTransfert d&#039;embryon Nous choisirons les embryons \u00e0 implanter, en tenant compte de la qualit\u00e9. Si c\u2019est un transfert frais, deux embryons seront implant\u00e9s. Trois jours apr\u00e8s le transfert le couple pourra prendre l\u2019avion et retourner chez lui. Tout au long de ce processus, tous les transferts vers la clinique seront assur\u00e9s pour votre confort et votre tranquillit\u00e9 d\u2019esprit. \u00a0\u00a0<\/p>","protected":false},"author":1,"featured_media":0,"parent":0,"menu_order":0,"comment_status":"closed","ping_status":"closed","template":"","meta":{"footnotes":""},"class_list":["post-8257","page","type-page","status-publish","hentry"],"acf":[],"_links":{"self":[{"href":"https:\/\/oumniafertility.com\/ar\/wp-json\/wp\/v2\/pages\/8257","targetHints":{"allow":["GET"]}}],"collection":[{"href":"https:\/\/oumniafertility.com\/ar\/wp-json\/wp\/v2\/pages"}],"about":[{"href":"https:\/\/oumniafertility.com\/ar\/wp-json\/wp\/v2\/types\/page"}],"author":[{"embeddable":true,"href":"https:\/\/oumniafertility.com\/ar\/wp-json\/wp\/v2\/users\/1"}],"replies":[{"embeddable":true,"href":"https:\/\/oumniafertility.com\/ar\/wp-json\/wp\/v2\/comments?post=8257"}],"version-history":[{"count":0,"href":"https:\/\/oumniafertility.com\/ar\/wp-json\/wp\/v2\/pages\/8257\/revisions"}],"wp:attachment":[{"href":"https:\/\/oumniafertility.com\/ar\/wp-json\/wp\/v2\/media?parent=8257"}],"curies":[{"name":"wp","href":"https:\/\/api.w.org\/{rel}","templated":true}]}}