{"id":8275,"date":"2022-02-23T08:46:33","date_gmt":"2022-02-23T08:46:33","guid":{"rendered":"https:\/\/medicate.peacefulqode.com\/?page_id=8275"},"modified":"2025-11-12T10:16:19","modified_gmt":"2025-11-12T09:16:19","slug":"hebergement","status":"publish","type":"page","link":"https:\/\/oumniafertility.com\/en\/hebergement\/","title":{"rendered":"Accommodation"},"content":{"rendered":"<p class=\"attachment\"><a href='https:\/\/oumniafertility.com\/wp-content\/uploads\/2025\/10\/WhatsApp-Image-2025-10-26-at-11.36.24-AM-copy-4.jpeg'><img fetchpriority=\"high\" decoding=\"async\" width=\"300\" height=\"225\" src=\"https:\/\/oumniafertility.com\/wp-content\/uploads\/2025\/10\/WhatsApp-Image-2025-10-26-at-11.36.24-AM-copy-4-300x225.jpeg\" class=\"attachment-medium size-medium\" alt=\"\" srcset=\"https:\/\/oumniafertility.com\/wp-content\/uploads\/2025\/10\/WhatsApp-Image-2025-10-26-at-11.36.24-AM-copy-4-300x225.jpeg 300w, https:\/\/oumniafertility.com\/wp-content\/uploads\/2025\/10\/WhatsApp-Image-2025-10-26-at-11.36.24-AM-copy-4-1024x768.jpeg 1024w, https:\/\/oumniafertility.com\/wp-content\/uploads\/2025\/10\/WhatsApp-Image-2025-10-26-at-11.36.24-AM-copy-4-768x576.jpeg 768w, https:\/\/oumniafertility.com\/wp-content\/uploads\/2025\/10\/WhatsApp-Image-2025-10-26-at-11.36.24-AM-copy-4-1536x1152.jpeg 1536w, https:\/\/oumniafertility.com\/wp-content\/uploads\/2025\/10\/WhatsApp-Image-2025-10-26-at-11.36.24-AM-copy-4-16x12.jpeg 16w, https:\/\/oumniafertility.com\/wp-content\/uploads\/2025\/10\/WhatsApp-Image-2025-10-26-at-11.36.24-AM-copy-4-600x450.jpeg 600w, https:\/\/oumniafertility.com\/wp-content\/uploads\/2025\/10\/WhatsApp-Image-2025-10-26-at-11.36.24-AM-copy-4.jpeg 1600w\" sizes=\"(max-width: 300px) 100vw, 300px\" \/><\/a><\/p>\n\t\t<div data-elementor-type=\"wp-page\" data-elementor-id=\"8275\" class=\"elementor elementor-8275\" data-elementor-post-type=\"page\">\n\t\t\t\t<div class=\"elementor-element elementor-element-64f7eab e-flex e-con-boxed wpr-particle-no wpr-jarallax-no wpr-parallax-no wpr-sticky-section-no e-con e-parent\" data-id=\"64f7eab\" data-element_type=\"container\" data-settings=\"{&quot;background_background&quot;:&quot;classic&quot;}\">\n\t\t\t\t\t<div class=\"e-con-inner\">\n\t\t<div class=\"elementor-element elementor-element-2fc8795 e-con-full e-flex wpr-particle-no wpr-jarallax-no wpr-parallax-no wpr-sticky-section-no e-con e-child\" data-id=\"2fc8795\" data-element_type=\"container\">\n\t\t\t\t<div class=\"elementor-element elementor-element-0d4fae8 elementor-widget elementor-widget-heading\" data-id=\"0d4fae8\" data-element_type=\"widget\" data-widget_type=\"heading.default\">\n\t\t\t\t<div class=\"elementor-widget-container\">\n\t\t\t\t\t<h2 class=\"elementor-heading-title elementor-size-default\">Accommodation<\/h2>\t\t\t\t<\/div>\n\t\t\t\t<\/div>\n\t\t\t\t<\/div>\n\t\t\t\t\t<\/div>\n\t\t\t\t<\/div>\n\t\t\t\t<section class=\"elementor-section elementor-top-section elementor-element elementor-element-4aaa72d7 elementor-section-boxed elementor-section-height-default elementor-section-height-default wpr-particle-no wpr-jarallax-no wpr-parallax-no wpr-sticky-section-no\" data-id=\"4aaa72d7\" data-element_type=\"section\">\n\t\t\t\t\t\t<div class=\"elementor-container elementor-column-gap-default\">\n\t\t\t\t\t<div class=\"elementor-column elementor-col-100 elementor-top-column elementor-element elementor-element-40eafb0a\" data-id=\"40eafb0a\" data-element_type=\"column\">\n\t\t\t<div class=\"elementor-widget-wrap elementor-element-populated\">\n\t\t\t\t\t\t<div class=\"elementor-element elementor-element-341c8cd elementor-widget elementor-widget-spacer\" data-id=\"341c8cd\" data-element_type=\"widget\" data-widget_type=\"spacer.default\">\n\t\t\t\t<div class=\"elementor-widget-container\">\n\t\t\t\t\t\t\t<div class=\"elementor-spacer\">\n\t\t\t<div class=\"elementor-spacer-inner\"><\/div>\n\t\t<\/div>\n\t\t\t\t\t\t<\/div>\n\t\t\t\t<\/div>\n\t\t\t\t<div class=\"elementor-element elementor-element-7513410c elementor-widget elementor-widget-heading\" data-id=\"7513410c\" data-element_type=\"widget\" data-widget_type=\"heading.default\">\n\t\t\t\t<div class=\"elementor-widget-container\">\n\t\t\t\t\t<h2 class=\"elementor-heading-title elementor-size-default\">Accommodation<\/h2>\t\t\t\t<\/div>\n\t\t\t\t<\/div>\n\t\t\t\t<div class=\"elementor-element elementor-element-28e96c3e elementor-widget elementor-widget-heading\" data-id=\"28e96c3e\" data-element_type=\"widget\" data-widget_type=\"heading.default\">\n\t\t\t\t<div class=\"elementor-widget-container\">\n\t\t\t\t\t<h2 class=\"elementor-heading-title elementor-size-default\">Your Medical Accommodation in Turkey<\/h2>\t\t\t\t<\/div>\n\t\t\t\t<\/div>\n\t\t\t\t<div class=\"elementor-element elementor-element-43cba049 elementor-widget-divider--view-line elementor-widget elementor-widget-divider\" data-id=\"43cba049\" data-element_type=\"widget\" data-widget_type=\"divider.default\">\n\t\t\t\t<div class=\"elementor-widget-container\">\n\t\t\t\t\t\t\t<div class=\"elementor-divider\">\n\t\t\t<span class=\"elementor-divider-separator\">\n\t\t\t\t\t\t<\/span>\n\t\t<\/div>\n\t\t\t\t\t\t<\/div>\n\t\t\t\t<\/div>\n\t\t\t\t<div class=\"elementor-element elementor-element-385e4ee3 elementor-widget elementor-widget-text-editor\" data-id=\"385e4ee3\" data-element_type=\"widget\" data-widget_type=\"text-editor.default\">\n\t\t\t\t<div class=\"elementor-widget-container\">\n\t\t\t\t\t\t\t\t\t<p>Renting an apartment is the ideal choice for your medical stay in Istanbul.<\/p><p>We help you find accommodation that you love and that fits your budget.<\/p>\t\t\t\t\t\t\t\t<\/div>\n\t\t\t\t<\/div>\n\t\t\t\t<div class=\"elementor-element elementor-element-3594aa39 wpr-grid-columns-3 wpr-grid-columns--tablet2 wpr-grid-columns--laptop4 wpr-grid-columns--mobile1 elementor-invisible elementor-widget elementor-widget-wpr-media-grid\" data-id=\"3594aa39\" data-element_type=\"widget\" data-settings=\"{&quot;_animation&quot;:&quot;fadeIn&quot;}\" data-widget_type=\"wpr-media-grid.default\">\n\t\t\t\t<div class=\"elementor-widget-container\">\n\t\t\t\t\t<section class=\"wpr-grid wpr-media-grid elementor-clearfix\" data-settings=\"{&quot;layout&quot;:&quot;masonry&quot;,&quot;columns_desktop&quot;:&quot;3&quot;,&quot;gutter_hr&quot;:10,&quot;gutter_hr_mobile&quot;:10,&quot;gutter_hr_mobile_extra&quot;:10,&quot;gutter_hr_tablet&quot;:10,&quot;gutter_hr_tablet_extra&quot;:10,&quot;gutter_hr_laptop&quot;:10,&quot;gutter_hr_widescreen&quot;:10,&quot;gutter_vr&quot;:10,&quot;gutter_vr_mobile&quot;:10,&quot;gutter_vr_mobile_extra&quot;:10,&quot;gutter_vr_tablet&quot;:10,&quot;gutter_vr_tablet_extra&quot;:10,&quot;gutter_vr_laptop&quot;:10,&quot;gutter_vr_widescreen&quot;:10,&quot;animation&quot;:&quot;default&quot;,&quot;animation_duration&quot;:0.3,&quot;animation_delay&quot;:0.1,&quot;deeplinking&quot;:&quot;no&quot;,&quot;filters_default_filter&quot;:&quot;&quot;,&quot;filters_linkable&quot;:&quot;no&quot;,&quot;filters_count&quot;:&quot;no&quot;,&quot;filters_hide_empty&quot;:&quot;no&quot;,&quot;filters_animation&quot;:&quot;default&quot;,&quot;filters_animation_duration&quot;:0.3,&quot;filters_animation_delay&quot;:0.1,&quot;pagination_type&quot;:&quot;infinite-scroll&quot;,&quot;pagination_max_pages&quot;:3,&quot;lightbox&quot;:{&quot;selector&quot;:&quot;.wpr-grid-image-wrap&quot;,&quot;iframeMaxWidth&quot;:&quot;60%&quot;,&quot;hash&quot;:false,&quot;autoplay&quot;:&quot;true&quot;,&quot;pause&quot;:5000,&quot;progressBar&quot;:&quot;true&quot;,&quot;counter&quot;:&quot;true&quot;,&quot;controls&quot;:&quot;true&quot;,&quot;getCaptionFromTitleOrAlt&quot;:&quot;true&quot;,&quot;thumbnail&quot;:&quot;true&quot;,&quot;showThumbByDefault&quot;:&quot;true&quot;,&quot;share&quot;:&quot;true&quot;,&quot;zoom&quot;:&quot;true&quot;,&quot;fullScreen&quot;:&quot;true&quot;,&quot;download&quot;:&quot;true&quot;}}\"><article class=\"wpr-grid-item elementor-clearfix post-17404 attachment type-attachment status-inherit hentry\"><div class=\"wpr-grid-item-inner\"><div class=\"wpr-grid-media-wrap wpr-effect-size-small\"><div class=\"wpr-grid-image-wrap\" data-src=\"https:\/\/oumniafertility.com\/wp-content\/uploads\/2023\/11\/Ekran-goruntusu-2023-08-04-164711.png\"><img decoding=\"async\" src=\"https:\/\/oumniafertility.com\/wp-content\/uploads\/2023\/11\/Ekran-goruntusu-2023-08-04-164711.png\" alt=\"Ekran g\u00f6r\u00fcnt\u00fcs\u00fc 2023-08-04 164711\" class=\"wpr-anim-timing-ease-default\"><\/div><div class=\"wpr-grid-media-hover wpr-animation-wrap\"><div class=\"wpr-grid-media-hover-bg  wpr-overlay-fade-in wpr-anim-size-large wpr-anim-timing-ease-default wpr-anim-transparency\" data-url=\"https:\/\/oumniafertility.com\/en\/hebergement\/ekran-goruntusu-2023-08-04-164711\/\"><\/div><div class=\"wpr-cv-container\"><div class=\"wpr-cv-outer\"><div class=\"wpr-cv-inner\"><div class=\"wpr-grid-media-hover-middle elementor-clearfix\"><div class=\"wpr-grid-item-lightbox elementor-repeater-item-b84c2ad wpr-grid-item-display-block wpr-grid-item-align-center wpr-element-fade-in wpr-anim-size-large wpr-anim-timing-ease-default wpr-anim-transparency\"><div class=\"inner-block\"><span data-src=\"https:\/\/oumniafertility.com\/wp-content\/uploads\/2023\/11\/Ekran-goruntusu-2023-08-04-164711.png\"><i class=\"fas fa-search\"><\/i><\/span><div class=\"wpr-grid-lightbox-overlay\"><\/div><\/div><\/div><\/div><\/div><\/div><\/div><\/div><\/div><\/div><\/article><article class=\"wpr-grid-item elementor-clearfix post-17403 attachment type-attachment status-inherit hentry\"><div class=\"wpr-grid-item-inner\"><div class=\"wpr-grid-media-wrap wpr-effect-size-small\"><div class=\"wpr-grid-image-wrap\" data-src=\"https:\/\/oumniafertility.com\/wp-content\/uploads\/2023\/11\/Ekran-goruntusu-2023-08-04-170131.png\"><img decoding=\"async\" src=\"https:\/\/oumniafertility.com\/wp-content\/uploads\/2023\/11\/Ekran-goruntusu-2023-08-04-170131.png\" alt=\"Ekran g\u00f6r\u00fcnt\u00fcs\u00fc 2023-08-04 170131\" class=\"wpr-anim-timing-ease-default\"><\/div><div class=\"wpr-grid-media-hover wpr-animation-wrap\"><div class=\"wpr-grid-media-hover-bg  wpr-overlay-fade-in wpr-anim-size-large wpr-anim-timing-ease-default wpr-anim-transparency\" data-url=\"https:\/\/oumniafertility.com\/en\/hebergement\/ekran-goruntusu-2023-08-04-170131\/\"><\/div><div class=\"wpr-cv-container\"><div class=\"wpr-cv-outer\"><div class=\"wpr-cv-inner\"><div class=\"wpr-grid-media-hover-middle elementor-clearfix\"><div class=\"wpr-grid-item-lightbox elementor-repeater-item-b84c2ad wpr-grid-item-display-block wpr-grid-item-align-center wpr-element-fade-in wpr-anim-size-large wpr-anim-timing-ease-default wpr-anim-transparency\"><div class=\"inner-block\"><span data-src=\"https:\/\/oumniafertility.com\/wp-content\/uploads\/2023\/11\/Ekran-goruntusu-2023-08-04-170131.png\"><i class=\"fas fa-search\"><\/i><\/span><div class=\"wpr-grid-lightbox-overlay\"><\/div><\/div><\/div><\/div><\/div><\/div><\/div><\/div><\/div><\/div><\/article><article class=\"wpr-grid-item elementor-clearfix post-17402 attachment type-attachment status-inherit hentry\"><div class=\"wpr-grid-item-inner\"><div class=\"wpr-grid-media-wrap wpr-effect-size-small\"><div class=\"wpr-grid-image-wrap\" data-src=\"https:\/\/oumniafertility.com\/wp-content\/uploads\/2023\/11\/Ekran-goruntusu-2023-08-04-170336.png\"><img decoding=\"async\" src=\"https:\/\/oumniafertility.com\/wp-content\/uploads\/2023\/11\/Ekran-goruntusu-2023-08-04-170336.png\" alt=\"Ekran g\u00f6r\u00fcnt\u00fcs\u00fc 2023-08-04 170336\" class=\"wpr-anim-timing-ease-default\"><\/div><div class=\"wpr-grid-media-hover wpr-animation-wrap\"><div class=\"wpr-grid-media-hover-bg  wpr-overlay-fade-in wpr-anim-size-large wpr-anim-timing-ease-default wpr-anim-transparency\" data-url=\"https:\/\/oumniafertility.com\/en\/hebergement\/ekran-goruntusu-2023-08-04-170336\/\"><\/div><div class=\"wpr-cv-container\"><div class=\"wpr-cv-outer\"><div class=\"wpr-cv-inner\"><div class=\"wpr-grid-media-hover-middle elementor-clearfix\"><div class=\"wpr-grid-item-lightbox elementor-repeater-item-b84c2ad wpr-grid-item-display-block wpr-grid-item-align-center wpr-element-fade-in wpr-anim-size-large wpr-anim-timing-ease-default wpr-anim-transparency\"><div class=\"inner-block\"><span data-src=\"https:\/\/oumniafertility.com\/wp-content\/uploads\/2023\/11\/Ekran-goruntusu-2023-08-04-170336.png\"><i class=\"fas fa-search\"><\/i><\/span><div class=\"wpr-grid-lightbox-overlay\"><\/div><\/div><\/div><\/div><\/div><\/div><\/div><\/div><\/div><\/div><\/article><article class=\"wpr-grid-item elementor-clearfix post-17401 attachment type-attachment status-inherit hentry\"><div class=\"wpr-grid-item-inner\"><div class=\"wpr-grid-media-wrap wpr-effect-size-small\"><div class=\"wpr-grid-image-wrap\" data-src=\"https:\/\/oumniafertility.com\/wp-content\/uploads\/2023\/11\/Ekran-goruntusu-2023-08-04-170412.png\"><img decoding=\"async\" src=\"https:\/\/oumniafertility.com\/wp-content\/uploads\/2023\/11\/Ekran-goruntusu-2023-08-04-170412.png\" alt=\"Ekran g\u00f6r\u00fcnt\u00fcs\u00fc 2023-08-04 170412\" class=\"wpr-anim-timing-ease-default\"><\/div><div class=\"wpr-grid-media-hover wpr-animation-wrap\"><div class=\"wpr-grid-media-hover-bg  wpr-overlay-fade-in wpr-anim-size-large wpr-anim-timing-ease-default wpr-anim-transparency\" data-url=\"https:\/\/oumniafertility.com\/en\/hebergement\/ekran-goruntusu-2023-08-04-170412\/\"><\/div><div class=\"wpr-cv-container\"><div class=\"wpr-cv-outer\"><div class=\"wpr-cv-inner\"><div class=\"wpr-grid-media-hover-middle elementor-clearfix\"><div class=\"wpr-grid-item-lightbox elementor-repeater-item-b84c2ad wpr-grid-item-display-block wpr-grid-item-align-center wpr-element-fade-in wpr-anim-size-large wpr-anim-timing-ease-default wpr-anim-transparency\"><div class=\"inner-block\"><span data-src=\"https:\/\/oumniafertility.com\/wp-content\/uploads\/2023\/11\/Ekran-goruntusu-2023-08-04-170412.png\"><i class=\"fas fa-search\"><\/i><\/span><div class=\"wpr-grid-lightbox-overlay\"><\/div><\/div><\/div><\/div><\/div><\/div><\/div><\/div><\/div><\/div><\/article><article class=\"wpr-grid-item elementor-clearfix post-17400 attachment type-attachment status-inherit hentry\"><div class=\"wpr-grid-item-inner\"><div class=\"wpr-grid-media-wrap wpr-effect-size-small\"><div class=\"wpr-grid-image-wrap\" data-src=\"https:\/\/oumniafertility.com\/wp-content\/uploads\/2023\/11\/Ekran-goruntusu-2023-08-04-165107.png\"><img decoding=\"async\" src=\"https:\/\/oumniafertility.com\/wp-content\/uploads\/2023\/11\/Ekran-goruntusu-2023-08-04-165107.png\" alt=\"Ekran g\u00f6r\u00fcnt\u00fcs\u00fc 2023-08-04 165107\" class=\"wpr-anim-timing-ease-default\"><\/div><div class=\"wpr-grid-media-hover wpr-animation-wrap\"><div class=\"wpr-grid-media-hover-bg  wpr-overlay-fade-in wpr-anim-size-large wpr-anim-timing-ease-default wpr-anim-transparency\" data-url=\"https:\/\/oumniafertility.com\/en\/hebergement\/ekran-goruntusu-2023-08-04-165107\/\"><\/div><div class=\"wpr-cv-container\"><div class=\"wpr-cv-outer\"><div class=\"wpr-cv-inner\"><div class=\"wpr-grid-media-hover-middle elementor-clearfix\"><div class=\"wpr-grid-item-lightbox elementor-repeater-item-b84c2ad wpr-grid-item-display-block wpr-grid-item-align-center wpr-element-fade-in wpr-anim-size-large wpr-anim-timing-ease-default wpr-anim-transparency\"><div class=\"inner-block\"><span data-src=\"https:\/\/oumniafertility.com\/wp-content\/uploads\/2023\/11\/Ekran-goruntusu-2023-08-04-165107.png\"><i class=\"fas fa-search\"><\/i><\/span><div class=\"wpr-grid-lightbox-overlay\"><\/div><\/div><\/div><\/div><\/div><\/div><\/div><\/div><\/div><\/div><\/article><article class=\"wpr-grid-item elementor-clearfix post-17399 attachment type-attachment status-inherit hentry\"><div class=\"wpr-grid-item-inner\"><div class=\"wpr-grid-media-wrap wpr-effect-size-small\"><div class=\"wpr-grid-image-wrap\" data-src=\"https:\/\/oumniafertility.com\/wp-content\/uploads\/2023\/11\/Ekran-goruntusu-2023-08-04-164648.png\"><img decoding=\"async\" src=\"https:\/\/oumniafertility.com\/wp-content\/uploads\/2023\/11\/Ekran-goruntusu-2023-08-04-164648.png\" alt=\"Ekran g\u00f6r\u00fcnt\u00fcs\u00fc 2023-08-04 164648\" class=\"wpr-anim-timing-ease-default\"><\/div><div class=\"wpr-grid-media-hover wpr-animation-wrap\"><div class=\"wpr-grid-media-hover-bg  wpr-overlay-fade-in wpr-anim-size-large wpr-anim-timing-ease-default wpr-anim-transparency\" data-url=\"https:\/\/oumniafertility.com\/en\/hebergement\/ekran-goruntusu-2023-08-04-164648\/\"><\/div><div class=\"wpr-cv-container\"><div class=\"wpr-cv-outer\"><div class=\"wpr-cv-inner\"><div class=\"wpr-grid-media-hover-middle elementor-clearfix\"><div class=\"wpr-grid-item-lightbox elementor-repeater-item-b84c2ad wpr-grid-item-display-block wpr-grid-item-align-center wpr-element-fade-in wpr-anim-size-large wpr-anim-timing-ease-default wpr-anim-transparency\"><div class=\"inner-block\"><span data-src=\"https:\/\/oumniafertility.com\/wp-content\/uploads\/2023\/11\/Ekran-goruntusu-2023-08-04-164648.png\"><i class=\"fas fa-search\"><\/i><\/span><div class=\"wpr-grid-lightbox-overlay\"><\/div><\/div><\/div><\/div><\/div><\/div><\/div><\/div><\/div><\/div><\/article><article class=\"wpr-grid-item elementor-clearfix post-19109 attachment type-attachment status-inherit hentry\"><div class=\"wpr-grid-item-inner\"><div class=\"wpr-grid-media-wrap wpr-effect-size-small\"><div class=\"wpr-grid-image-wrap\" data-src=\"https:\/\/oumniafertility.com\/wp-content\/uploads\/2025\/10\/WhatsApp-Image-2025-10-26-at-11.36.24-AM-copy-2.jpeg\"><img decoding=\"async\" src=\"https:\/\/oumniafertility.com\/wp-content\/uploads\/2025\/10\/WhatsApp-Image-2025-10-26-at-11.36.24-AM-copy-2.jpeg\" alt=\"WhatsApp Image 2025-10-26 at 11.36.24 AM copy 2\" class=\"wpr-anim-timing-ease-default\"><\/div><div class=\"wpr-grid-media-hover wpr-animation-wrap\"><div class=\"wpr-grid-media-hover-bg  wpr-overlay-fade-in wpr-anim-size-large wpr-anim-timing-ease-default wpr-anim-transparency\" data-url=\"https:\/\/oumniafertility.com\/en\/whatsapp-image-2025-10-26-at-11-36-24-am-copy-2\/\"><\/div><div class=\"wpr-cv-container\"><div class=\"wpr-cv-outer\"><div class=\"wpr-cv-inner\"><div class=\"wpr-grid-media-hover-middle elementor-clearfix\"><div class=\"wpr-grid-item-lightbox elementor-repeater-item-b84c2ad wpr-grid-item-display-block wpr-grid-item-align-center wpr-element-fade-in wpr-anim-size-large wpr-anim-timing-ease-default wpr-anim-transparency\"><div class=\"inner-block\"><span data-src=\"https:\/\/oumniafertility.com\/wp-content\/uploads\/2025\/10\/WhatsApp-Image-2025-10-26-at-11.36.24-AM-copy-2.jpeg\"><i class=\"fas fa-search\"><\/i><\/span><div class=\"wpr-grid-lightbox-overlay\"><\/div><\/div><\/div><\/div><\/div><\/div><\/div><\/div><\/div><\/div><\/article><article class=\"wpr-grid-item elementor-clearfix post-19110 attachment type-attachment status-inherit hentry\"><div class=\"wpr-grid-item-inner\"><div class=\"wpr-grid-media-wrap wpr-effect-size-small\"><div class=\"wpr-grid-image-wrap\" data-src=\"https:\/\/oumniafertility.com\/wp-content\/uploads\/2025\/10\/WhatsApp-Image-2025-10-26-at-11.36.24-AM-copy-3.jpeg\"><img decoding=\"async\" src=\"https:\/\/oumniafertility.com\/wp-content\/uploads\/2025\/10\/WhatsApp-Image-2025-10-26-at-11.36.24-AM-copy-3.jpeg\" alt=\"WhatsApp Image 2025-10-26 at 11.36.24 AM copy 3\" class=\"wpr-anim-timing-ease-default\"><\/div><div class=\"wpr-grid-media-hover wpr-animation-wrap\"><div class=\"wpr-grid-media-hover-bg  wpr-overlay-fade-in wpr-anim-size-large wpr-anim-timing-ease-default wpr-anim-transparency\" data-url=\"https:\/\/oumniafertility.com\/en\/whatsapp-image-2025-10-26-at-11-36-24-am-copy-3\/\"><\/div><div class=\"wpr-cv-container\"><div class=\"wpr-cv-outer\"><div class=\"wpr-cv-inner\"><div class=\"wpr-grid-media-hover-middle elementor-clearfix\"><div class=\"wpr-grid-item-lightbox elementor-repeater-item-b84c2ad wpr-grid-item-display-block wpr-grid-item-align-center wpr-element-fade-in wpr-anim-size-large wpr-anim-timing-ease-default wpr-anim-transparency\"><div class=\"inner-block\"><span data-src=\"https:\/\/oumniafertility.com\/wp-content\/uploads\/2025\/10\/WhatsApp-Image-2025-10-26-at-11.36.24-AM-copy-3.jpeg\"><i class=\"fas fa-search\"><\/i><\/span><div class=\"wpr-grid-lightbox-overlay\"><\/div><\/div><\/div><\/div><\/div><\/div><\/div><\/div><\/div><\/div><\/article><article class=\"wpr-grid-item elementor-clearfix post-19111 attachment type-attachment status-inherit hentry\"><div class=\"wpr-grid-item-inner\"><div class=\"wpr-grid-media-wrap wpr-effect-size-small\"><div class=\"wpr-grid-image-wrap\" data-src=\"https:\/\/oumniafertility.com\/wp-content\/uploads\/2025\/10\/WhatsApp-Image-2025-10-26-at-11.36.24-AM-copy-4.jpeg\"><img decoding=\"async\" src=\"https:\/\/oumniafertility.com\/wp-content\/uploads\/2025\/10\/WhatsApp-Image-2025-10-26-at-11.36.24-AM-copy-4.jpeg\" alt=\"WhatsApp Image 2025-10-26 at 11.36.24 AM copy 4\" class=\"wpr-anim-timing-ease-default\"><\/div><div class=\"wpr-grid-media-hover wpr-animation-wrap\"><div class=\"wpr-grid-media-hover-bg  wpr-overlay-fade-in wpr-anim-size-large wpr-anim-timing-ease-default wpr-anim-transparency\" data-url=\"https:\/\/oumniafertility.com\/en\/whatsapp-image-2025-10-26-at-11-36-24-am-copy-4\/\"><\/div><div class=\"wpr-cv-container\"><div class=\"wpr-cv-outer\"><div class=\"wpr-cv-inner\"><div class=\"wpr-grid-media-hover-middle elementor-clearfix\"><div class=\"wpr-grid-item-lightbox elementor-repeater-item-b84c2ad wpr-grid-item-display-block wpr-grid-item-align-center wpr-element-fade-in wpr-anim-size-large wpr-anim-timing-ease-default wpr-anim-transparency\"><div class=\"inner-block\"><span data-src=\"https:\/\/oumniafertility.com\/wp-content\/uploads\/2025\/10\/WhatsApp-Image-2025-10-26-at-11.36.24-AM-copy-4.jpeg\"><i class=\"fas fa-search\"><\/i><\/span><div class=\"wpr-grid-lightbox-overlay\"><\/div><\/div><\/div><\/div><\/div><\/div><\/div><\/div><\/div><\/div><\/article><\/section><div class=\"wpr-grid-pagination elementor-clearfix wpr-grid-pagination-infinite-scroll\"><a href=\"https:\/\/oumniafertility.com\/wp-json\/wp\/v2\/pages\/8275\/page\/2\/\" class=\"wpr-load-more-btn\" data-e-disable-page-transition>Voir plus<\/a><div class=\"wpr-pagination-loading\"><div class=\"wpr-double-bounce\"><div class=\"wpr-child wpr-double-bounce1\"><\/div><div class=\"wpr-child wpr-double-bounce2\"><\/div><\/div><\/div><p class=\"wpr-pagination-finish\"><\/p><\/div>\t\t\t\t<\/div>\n\t\t\t\t<\/div>\n\t\t\t\t\t<\/div>\n\t\t<\/div>\n\t\t\t\t\t<\/div>\n\t\t<\/section>\n\t\t<div class=\"elementor-element elementor-element-453648d e-flex e-con-boxed wpr-particle-no wpr-jarallax-no wpr-parallax-no wpr-sticky-section-no e-con e-parent\" data-id=\"453648d\" data-element_type=\"container\">\n\t\t\t\t\t<div class=\"e-con-inner\">\n\t\t\t\t<div class=\"elementor-element elementor-element-841d357 elementor-widget elementor-widget-stepbooking\" data-id=\"841d357\" data-element_type=\"widget\" data-widget_type=\"stepbooking.default\">\n\t\t\t\t<div class=\"elementor-widget-container\">\n\t\t\t\t\t\n<script>\n  if (typeof hasAmeliaEntitiesApiCall === 'undefined' && ('book-now' === '' && '1' !== '1')) {\n    var hasAmeliaEntitiesApiCall = true;\n  }\n  var ameliaShortcodeData = (typeof ameliaShortcodeData === 'undefined') ? [] : ameliaShortcodeData;\n  ameliaShortcodeData.push(\n    {\n      'hasApiCall': (typeof hasAmeliaEntitiesApiCall !== 'undefined') && hasAmeliaEntitiesApiCall,\n      'trigger': 'book-now',\n      'trigger_type': 'class',\n      'triggered_form': 'sbsNew',\n      'in_dialog': '1',\n      'show': '',\n      'counter': '1000',\n      'category': '',\n      'service': '',\n      'employee': '',\n      'location': '',\n      'package': '',\n      'layout': '1',\n    }\n  );\n\n  var ameliaShortcodeDataTriggered = (typeof ameliaShortcodeDataTriggered === 'undefined') ? [] : ameliaShortcodeDataTriggered;\n  if (ameliaShortcodeData[ameliaShortcodeData.length - 1].trigger !== '') {\n    if (ameliaShortcodeDataTriggered.filter(a => a.counter === ameliaShortcodeData[ameliaShortcodeData.length - 1].counter).length === 0) {\n      ameliaShortcodeDataTriggered.push(ameliaShortcodeData.pop());\n    } else {\n      ameliaShortcodeData.pop()\n    }\n  }\n  if (typeof hasAmeliaEntitiesApiCall !== 'undefined' && hasAmeliaEntitiesApiCall) {\n    hasAmeliaEntitiesApiCall = false;\n  }\n<\/script>\n\n<div\n  id=\"amelia-v2-booking-1000\"\n  class=\"amelia-v2-booking amelia-skip-load amelia-skip-load-1000\"\n >\n    <dialog-forms><\/dialog-forms><\/div>\n\t\t\t\t<\/div>\n\t\t\t\t<\/div>\n\t\t\t\t\t<\/div>\n\t\t\t\t<\/div>\n\t\t\t\t<\/div>","protected":false},"excerpt":{"rendered":"<p>H\u00e9bergement ACCOMODATION VOTRE HEBERGEMENT M\u00c9DICAL EN TURQUIE La location d&rsquo;appartements est le choix id\u00e9al pour votre s\u00e9jour m\u00e9dical \u00e0 \u0130stanbul. Nous vous aidons \u00e0 trouver un h\u00e9bergement qui vous pla\u00eet, et qui convient a votre budget Voir plus<\/p>","protected":false},"author":1,"featured_media":0,"parent":0,"menu_order":0,"comment_status":"closed","ping_status":"closed","template":"","meta":{"footnotes":""},"class_list":["post-8275","page","type-page","status-publish","hentry"],"acf":[],"_links":{"self":[{"href":"https:\/\/oumniafertility.com\/en\/wp-json\/wp\/v2\/pages\/8275","targetHints":{"allow":["GET"]}}],"collection":[{"href":"https:\/\/oumniafertility.com\/en\/wp-json\/wp\/v2\/pages"}],"about":[{"href":"https:\/\/oumniafertility.com\/en\/wp-json\/wp\/v2\/types\/page"}],"author":[{"embeddable":true,"href":"https:\/\/oumniafertility.com\/en\/wp-json\/wp\/v2\/users\/1"}],"replies":[{"embeddable":true,"href":"https:\/\/oumniafertility.com\/en\/wp-json\/wp\/v2\/comments?post=8275"}],"version-history":[{"count":0,"href":"https:\/\/oumniafertility.com\/en\/wp-json\/wp\/v2\/pages\/8275\/revisions"}],"wp:attachment":[{"href":"https:\/\/oumniafertility.com\/en\/wp-json\/wp\/v2\/media?parent=8275"}],"curies":[{"name":"wp","href":"https:\/\/api.w.org\/{rel}","templated":true}]}}